{"id":80,"date":"2023-08-17T00:06:45","date_gmt":"2023-08-17T00:06:45","guid":{"rendered":"https:\/\/owla2.local\/?page_id=80"},"modified":"2026-03-10T17:05:04","modified_gmt":"2026-03-10T17:05:04","slug":"home","status":"publish","type":"page","link":"https:\/\/ourwaterla.org\/es\/","title":{"rendered":"Casa"},"content":{"rendered":"","protected":false},"excerpt":{"rendered":"","protected":false},"author":2,"featured_media":0,"parent":0,"menu_order":0,"comment_status":"closed","ping_status":"closed","template":"page-home.php","meta":{"_acf_changed":false,"footnotes":""},"class_list":["post-80","page","type-page","status-publish","hentry"],"acf":[],"yoast_head":"<!-- This site is optimized with the Yoast SEO plugin v27.4 - https:\/\/yoast.com\/product\/yoast-seo-wordpress\/ -->\n<title>Home - OurWaterLA<\/title>\n<meta name=\"robots\" content=\"index, follow, max-snippet:-1, max-image-preview:large, max-video-preview:-1\" \/>\n<link rel=\"canonical\" href=\"https:\/\/ourwaterla.org\/es\/\" \/>\n<meta property=\"og:locale\" content=\"es_ES\" \/>\n<meta property=\"og:type\" content=\"article\" \/>\n<meta property=\"og:title\" content=\"Home - OurWaterLA\" \/>\n<meta property=\"og:url\" content=\"https:\/\/ourwaterla.org\/es\/\" \/>\n<meta property=\"og:site_name\" content=\"OurWaterLA\" \/>\n<meta property=\"article:publisher\" content=\"https:\/\/www.facebook.com\/OurWaterLA\/\" \/>\n<meta property=\"article:modified_time\" content=\"2026-03-10T17:05:04+00:00\" \/>\n<meta property=\"og:image\" content=\"https:\/\/ourwaterla.org\/wp-content\/uploads\/2023\/10\/owla-opengraph.jpg\" \/>\n\t<meta property=\"og:image:width\" content=\"1201\" \/>\n\t<meta property=\"og:image:height\" content=\"631\" \/>\n\t<meta property=\"og:image:type\" content=\"image\/jpeg\" \/>\n<meta name=\"twitter:card\" content=\"summary_large_image\" \/>\n<meta name=\"twitter:site\" content=\"@ourwaterla\" \/>\n<script type=\"application\/ld+json\" class=\"yoast-schema-graph\">{\"@context\":\"https:\\\/\\\/schema.org\",\"@graph\":[{\"@type\":\"WebPage\",\"@id\":\"https:\\\/\\\/ourwaterla.org\\\/\",\"url\":\"https:\\\/\\\/ourwaterla.org\\\/\",\"name\":\"Home - OurWaterLA\",\"isPartOf\":{\"@id\":\"https:\\\/\\\/ourwaterla.org\\\/#website\"},\"datePublished\":\"2023-08-17T00:06:45+00:00\",\"dateModified\":\"2026-03-10T17:05:04+00:00\",\"inLanguage\":\"es\",\"potentialAction\":[{\"@type\":\"ReadAction\",\"target\":[\"https:\\\/\\\/ourwaterla.org\\\/\"]}]},{\"@type\":\"WebSite\",\"@id\":\"https:\\\/\\\/ourwaterla.org\\\/#website\",\"url\":\"https:\\\/\\\/ourwaterla.org\\\/\",\"name\":\"OurWaterLA\",\"description\":\"OurWaterLA is a diverse coalition of community leaders and organizations from across Los Angeles County united to create a strong water future for Los Angeles.\",\"publisher\":{\"@id\":\"https:\\\/\\\/ourwaterla.org\\\/#organization\"},\"potentialAction\":[{\"@type\":\"SearchAction\",\"target\":{\"@type\":\"EntryPoint\",\"urlTemplate\":\"https:\\\/\\\/ourwaterla.org\\\/?s={search_term_string}\"},\"query-input\":{\"@type\":\"PropertyValueSpecification\",\"valueRequired\":true,\"valueName\":\"search_term_string\"}}],\"inLanguage\":\"es\"},{\"@type\":\"Organization\",\"@id\":\"https:\\\/\\\/ourwaterla.org\\\/#organization\",\"name\":\"OurWaterLA\",\"url\":\"https:\\\/\\\/ourwaterla.org\\\/\",\"logo\":{\"@type\":\"ImageObject\",\"inLanguage\":\"es\",\"@id\":\"https:\\\/\\\/ourwaterla.org\\\/#\\\/schema\\\/logo\\\/image\\\/\",\"url\":\"https:\\\/\\\/ourwaterla.org\\\/wp-content\\\/uploads\\\/2023\\\/08\\\/owla-logo-primary.jpg\",\"contentUrl\":\"https:\\\/\\\/ourwaterla.org\\\/wp-content\\\/uploads\\\/2023\\\/08\\\/owla-logo-primary.jpg\",\"width\":801,\"height\":368,\"caption\":\"OurWaterLA\"},\"image\":{\"@id\":\"https:\\\/\\\/ourwaterla.org\\\/#\\\/schema\\\/logo\\\/image\\\/\"},\"sameAs\":[\"https:\\\/\\\/www.facebook.com\\\/OurWaterLA\\\/\",\"https:\\\/\\\/x.com\\\/ourwaterla\",\"https:\\\/\\\/www.instagram.com\\\/ourwaterla\\\/\"]}]}<\/script>\n<!-- \/ Yoast SEO plugin. -->","yoast_head_json":{"title":"Home - OurWaterLA","robots":{"index":"index","follow":"follow","max-snippet":"max-snippet:-1","max-image-preview":"max-image-preview:large","max-video-preview":"max-video-preview:-1"},"canonical":"https:\/\/ourwaterla.org\/es\/","og_locale":"es_ES","og_type":"article","og_title":"Home - OurWaterLA","og_url":"https:\/\/ourwaterla.org\/es\/","og_site_name":"OurWaterLA","article_publisher":"https:\/\/www.facebook.com\/OurWaterLA\/","article_modified_time":"2026-03-10T17:05:04+00:00","og_image":[{"width":1201,"height":631,"url":"https:\/\/ourwaterla.org\/wp-content\/uploads\/2023\/10\/owla-opengraph.jpg","type":"image\/jpeg"}],"twitter_card":"summary_large_image","twitter_site":"@ourwaterla","schema":{"@context":"https:\/\/schema.org","@graph":[{"@type":"WebPage","@id":"https:\/\/ourwaterla.org\/","url":"https:\/\/ourwaterla.org\/","name":"Home - OurWaterLA","isPartOf":{"@id":"https:\/\/ourwaterla.org\/#website"},"datePublished":"2023-08-17T00:06:45+00:00","dateModified":"2026-03-10T17:05:04+00:00","inLanguage":"es","potentialAction":[{"@type":"ReadAction","target":["https:\/\/ourwaterla.org\/"]}]},{"@type":"WebSite","@id":"https:\/\/ourwaterla.org\/#website","url":"https:\/\/ourwaterla.org\/","name":"OurWaterLA","description":"OurWaterLA es una coalici\u00f3n diversa de l\u00edderes de la comunidad y organizaciones de todo el Condado de Los \u00c1ngeles unidas para crear un futuro fuerte para el agua de Los \u00c1ngeles.","publisher":{"@id":"https:\/\/ourwaterla.org\/#organization"},"potentialAction":[{"@type":"SearchAction","target":{"@type":"EntryPoint","urlTemplate":"https:\/\/ourwaterla.org\/?s={search_term_string}"},"query-input":{"@type":"PropertyValueSpecification","valueRequired":true,"valueName":"search_term_string"}}],"inLanguage":"es"},{"@type":"Organization","@id":"https:\/\/ourwaterla.org\/#organization","name":"OurWaterLA","url":"https:\/\/ourwaterla.org\/","logo":{"@type":"ImageObject","inLanguage":"es","@id":"https:\/\/ourwaterla.org\/#\/schema\/logo\/image\/","url":"https:\/\/ourwaterla.org\/wp-content\/uploads\/2023\/08\/owla-logo-primary.jpg","contentUrl":"https:\/\/ourwaterla.org\/wp-content\/uploads\/2023\/08\/owla-logo-primary.jpg","width":801,"height":368,"caption":"OurWaterLA"},"image":{"@id":"https:\/\/ourwaterla.org\/#\/schema\/logo\/image\/"},"sameAs":["https:\/\/www.facebook.com\/OurWaterLA\/","https:\/\/x.com\/ourwaterla","https:\/\/www.instagram.com\/ourwaterla\/"]}]}},"_links":{"self":[{"href":"https:\/\/ourwaterla.org\/es\/wp-json\/wp\/v2\/pages\/80","targetHints":{"allow":["GET"]}}],"collection":[{"href":"https:\/\/ourwaterla.org\/es\/wp-json\/wp\/v2\/pages"}],"about":[{"href":"https:\/\/ourwaterla.org\/es\/wp-json\/wp\/v2\/types\/page"}],"author":[{"embeddable":true,"href":"https:\/\/ourwaterla.org\/es\/wp-json\/wp\/v2\/users\/2"}],"replies":[{"embeddable":true,"href":"https:\/\/ourwaterla.org\/es\/wp-json\/wp\/v2\/comments?post=80"}],"version-history":[{"count":0,"href":"https:\/\/ourwaterla.org\/es\/wp-json\/wp\/v2\/pages\/80\/revisions"}],"wp:attachment":[{"href":"https:\/\/ourwaterla.org\/es\/wp-json\/wp\/v2\/media?parent=80"}],"curies":[{"name":"wp","href":"https:\/\/api.w.org\/{rel}","templated":true}]}}